{"id":97,"date":"2018-06-19T12:04:07","date_gmt":"2018-06-19T12:04:07","guid":{"rendered":"https:\/\/floristeriatatiramoscartagena.com.co\/barranquilla\/cart\/"},"modified":"2026-04-08T02:47:53","modified_gmt":"2026-04-08T02:47:53","slug":"cart","status":"publish","type":"page","link":"https:\/\/floristeriatatiramoscartagena.com.co\/barranquilla\/cart\/","title":{"rendered":"Cart"},"content":{"rendered":"\n","protected":false},"excerpt":{"rendered":"","protected":false},"author":1,"featured_media":0,"parent":0,"menu_order":0,"comment_status":"closed","ping_status":"closed","template":"","meta":{"site-sidebar-layout":"default","site-content-layout":"default","ast-site-content-layout":"default","site-content-style":"default","site-sidebar-style":"default","ast-global-header-display":"","ast-banner-title-visibility":"","ast-main-header-display":"","ast-hfb-above-header-display":"","ast-hfb-below-header-display":"","ast-hfb-mobile-header-display":"","site-post-title":"disabled","ast-breadcrumbs-content":"","ast-featured-img":"disabled","footer-sml-layout":"","ast-disable-related-posts":"","theme-transparent-header-meta":"default","adv-header-id-meta":"","stick-header-meta":"","header-above-stick-meta":"","header-main-stick-meta":"","header-below-stick-meta":"","astra-migrate-meta-layouts":"set","ast-page-background-enabled":"default","ast-page-background-meta":{"desktop":{"background-color":"","background-image":"","background-repeat":"repeat","background-position":"center center","background-size":"auto","background-attachment":"scroll","background-type":"","background-media":"","overlay-type":"","overlay-color":"","overlay-opacity":"","overlay-gradient":""},"tablet":{"background-color":"","background-image":"","background-repeat":"repeat","background-position":"center center","background-size":"auto","background-attachment":"scroll","background-type":"","background-media":"","overlay-type":"","overlay-color":"","overlay-opacity":"","overlay-gradient":""},"mobile":{"background-color":"","background-image":"","background-repeat":"repeat","background-position":"center center","background-size":"auto","background-attachment":"scroll","background-type":"","background-media":"","overlay-type":"","overlay-color":"","overlay-opacity":"","overlay-gradient":""}},"ast-content-background-meta":{"desktop":{"background-color":"var(--ast-global-color-5)","background-image":"","background-repeat":"repeat","background-position":"center center","background-size":"auto","background-attachment":"scroll","background-type":"","background-media":"","overlay-type":"","overlay-color":"","overlay-opacity":"","overlay-gradient":""},"tablet":{"background-color":"var(--ast-global-color-5)","background-image":"","background-repeat":"repeat","background-position":"center center","background-size":"auto","background-attachment":"scroll","background-type":"","background-media":"","overlay-type":"","overlay-color":"","overlay-opacity":"","overlay-gradient":""},"mobile":{"background-color":"var(--ast-global-color-5)","background-image":"","background-repeat":"repeat","background-position":"center center","background-size":"auto","background-attachment":"scroll","background-type":"","background-media":"","overlay-type":"","overlay-color":"","overlay-opacity":"","overlay-gradient":""}},"footnotes":""},"class_list":["post-97","page","type-page","status-publish","hentry"],"yoast_head":"<!-- This site is optimized with the Yoast SEO plugin v27.4 - https:\/\/yoast.com\/product\/yoast-seo-wordpress\/ -->\n<title>Cart - Florister\u00eda Tati Ramos Cartagena de Indias<\/title>\n<meta name=\"description\" content=\"Arreglos Florales, Coronas F\u00fanebres, Ramos de Rosas, Desayunos sorpresa Whatsapp 3015212467 Domicilios hoy mismo, pagos en l\u00ednea, Domicilios.\" \/>\n<meta name=\"robots\" content=\"index, follow, max-snippet:-1, max-image-preview:large, max-video-preview:-1\" \/>\n<link rel=\"canonical\" href=\"https:\/\/floristeriatatiramoscartagena.com.co\/barranquilla\/cart\/\" \/>\n<meta property=\"og:locale\" content=\"es_ES\" \/>\n<meta property=\"og:type\" content=\"article\" \/>\n<meta property=\"og:title\" content=\"Cart - Florister\u00eda Tati Ramos Cartagena de Indias\" \/>\n<meta property=\"og:description\" content=\"Arreglos Florales, Coronas F\u00fanebres, Ramos de Rosas, Desayunos sorpresa Whatsapp 3015212467 Domicilios hoy mismo, pagos en l\u00ednea, Domicilios.\" \/>\n<meta property=\"og:url\" content=\"https:\/\/floristeriatatiramoscartagena.com.co\/barranquilla\/cart\/\" \/>\n<meta property=\"og:site_name\" content=\"Florister\u00eda Tati Ramos Cartagena de Indias\" \/>\n<meta property=\"article:modified_time\" content=\"2026-04-08T02:47:53+00:00\" \/>\n<meta name=\"twitter:card\" content=\"summary_large_image\" \/>\n<meta name=\"twitter:label1\" content=\"Tiempo de lectura\" \/>\n\t<meta name=\"twitter:data1\" content=\"1 minuto\" \/>\n<script type=\"application\/ld+json\" class=\"yoast-schema-graph\">{\"@context\":\"https:\\\/\\\/schema.org\",\"@graph\":[{\"@type\":\"WebPage\",\"@id\":\"https:\\\/\\\/floristeriatatiramoscartagena.com.co\\\/barranquilla\\\/cart\\\/\",\"url\":\"https:\\\/\\\/floristeriatatiramoscartagena.com.co\\\/barranquilla\\\/cart\\\/\",\"name\":\"Cart - Florister\u00eda Tati Ramos Cartagena de Indias\",\"isPartOf\":{\"@id\":\"https:\\\/\\\/floristeriatatiramoscartagena.com.co\\\/barranquilla\\\/#website\"},\"datePublished\":\"2018-06-19T12:04:07+00:00\",\"dateModified\":\"2026-04-08T02:47:53+00:00\",\"description\":\"Arreglos Florales, Coronas F\u00fanebres, Ramos de Rosas, Desayunos sorpresa Whatsapp 3015212467 Domicilios hoy mismo, pagos en l\u00ednea, Domicilios.\",\"breadcrumb\":{\"@id\":\"https:\\\/\\\/floristeriatatiramoscartagena.com.co\\\/barranquilla\\\/cart\\\/#breadcrumb\"},\"inLanguage\":\"es\",\"potentialAction\":[{\"@type\":\"ReadAction\",\"target\":[\"https:\\\/\\\/floristeriatatiramoscartagena.com.co\\\/barranquilla\\\/cart\\\/\"]}]},{\"@type\":\"BreadcrumbList\",\"@id\":\"https:\\\/\\\/floristeriatatiramoscartagena.com.co\\\/barranquilla\\\/cart\\\/#breadcrumb\",\"itemListElement\":[{\"@type\":\"ListItem\",\"position\":1,\"name\":\"Portada\",\"item\":\"https:\\\/\\\/floristeriatatiramoscartagena.com.co\\\/barranquilla\\\/\"},{\"@type\":\"ListItem\",\"position\":2,\"name\":\"Cart\"}]},{\"@type\":\"WebSite\",\"@id\":\"https:\\\/\\\/floristeriatatiramoscartagena.com.co\\\/barranquilla\\\/#website\",\"url\":\"https:\\\/\\\/floristeriatatiramoscartagena.com.co\\\/barranquilla\\\/\",\"name\":\"Florister\u00eda Tati Ramos Cartagena de Indias\",\"description\":\"Flores en Cartagena, Tenemos para ti Arreglos Florales, Coronas Funebres, Ramos de Rosas, Whatsapp 3015212467 Domicilios hoy mismo, pagos en l\u00ednea, Florister\u00edas en Cartagena, Flowers Delivery Cartagena\",\"publisher\":{\"@id\":\"https:\\\/\\\/floristeriatatiramoscartagena.com.co\\\/barranquilla\\\/#organization\"},\"potentialAction\":[{\"@type\":\"SearchAction\",\"target\":{\"@type\":\"EntryPoint\",\"urlTemplate\":\"https:\\\/\\\/floristeriatatiramoscartagena.com.co\\\/barranquilla\\\/?s={search_term_string}\"},\"query-input\":{\"@type\":\"PropertyValueSpecification\",\"valueRequired\":true,\"valueName\":\"search_term_string\"}}],\"inLanguage\":\"es\"},{\"@type\":\"Organization\",\"@id\":\"https:\\\/\\\/floristeriatatiramoscartagena.com.co\\\/barranquilla\\\/#organization\",\"name\":\"Florister\u00eda Tati Ramos Cartagena de Indias\",\"url\":\"https:\\\/\\\/floristeriatatiramoscartagena.com.co\\\/barranquilla\\\/\",\"logo\":{\"@type\":\"ImageObject\",\"inLanguage\":\"es\",\"@id\":\"https:\\\/\\\/floristeriatatiramoscartagena.com.co\\\/barranquilla\\\/#\\\/schema\\\/logo\\\/image\\\/\",\"url\":\"https:\\\/\\\/floristeriatatiramoscartagena.com.co\\\/barranquilla\\\/wp-content\\\/uploads\\\/2022\\\/02\\\/logo-floristeriatatiramos.png\",\"contentUrl\":\"https:\\\/\\\/floristeriatatiramoscartagena.com.co\\\/barranquilla\\\/wp-content\\\/uploads\\\/2022\\\/02\\\/logo-floristeriatatiramos.png\",\"width\":602,\"height\":415,\"caption\":\"Florister\u00eda Tati Ramos Cartagena de Indias\"},\"image\":{\"@id\":\"https:\\\/\\\/floristeriatatiramoscartagena.com.co\\\/barranquilla\\\/#\\\/schema\\\/logo\\\/image\\\/\"}}]}<\/script>\n<!-- \/ Yoast SEO plugin. -->","yoast_head_json":{"title":"Cart - Florister\u00eda Tati Ramos Cartagena de Indias","description":"Arreglos Florales, Coronas F\u00fanebres, Ramos de Rosas, Desayunos sorpresa Whatsapp 3015212467 Domicilios hoy mismo, pagos en l\u00ednea, Domicilios.","robots":{"index":"index","follow":"follow","max-snippet":"max-snippet:-1","max-image-preview":"max-image-preview:large","max-video-preview":"max-video-preview:-1"},"canonical":"https:\/\/floristeriatatiramoscartagena.com.co\/barranquilla\/cart\/","og_locale":"es_ES","og_type":"article","og_title":"Cart - Florister\u00eda Tati Ramos Cartagena de Indias","og_description":"Arreglos Florales, Coronas F\u00fanebres, Ramos de Rosas, Desayunos sorpresa Whatsapp 3015212467 Domicilios hoy mismo, pagos en l\u00ednea, Domicilios.","og_url":"https:\/\/floristeriatatiramoscartagena.com.co\/barranquilla\/cart\/","og_site_name":"Florister\u00eda Tati Ramos Cartagena de Indias","article_modified_time":"2026-04-08T02:47:53+00:00","twitter_card":"summary_large_image","twitter_misc":{"Tiempo de lectura":"1 minuto"},"schema":{"@context":"https:\/\/schema.org","@graph":[{"@type":"WebPage","@id":"https:\/\/floristeriatatiramoscartagena.com.co\/barranquilla\/cart\/","url":"https:\/\/floristeriatatiramoscartagena.com.co\/barranquilla\/cart\/","name":"Cart - Florister\u00eda Tati Ramos Cartagena de Indias","isPartOf":{"@id":"https:\/\/floristeriatatiramoscartagena.com.co\/barranquilla\/#website"},"datePublished":"2018-06-19T12:04:07+00:00","dateModified":"2026-04-08T02:47:53+00:00","description":"Arreglos Florales, Coronas F\u00fanebres, Ramos de Rosas, Desayunos sorpresa Whatsapp 3015212467 Domicilios hoy mismo, pagos en l\u00ednea, Domicilios.","breadcrumb":{"@id":"https:\/\/floristeriatatiramoscartagena.com.co\/barranquilla\/cart\/#breadcrumb"},"inLanguage":"es","potentialAction":[{"@type":"ReadAction","target":["https:\/\/floristeriatatiramoscartagena.com.co\/barranquilla\/cart\/"]}]},{"@type":"BreadcrumbList","@id":"https:\/\/floristeriatatiramoscartagena.com.co\/barranquilla\/cart\/#breadcrumb","itemListElement":[{"@type":"ListItem","position":1,"name":"Portada","item":"https:\/\/floristeriatatiramoscartagena.com.co\/barranquilla\/"},{"@type":"ListItem","position":2,"name":"Cart"}]},{"@type":"WebSite","@id":"https:\/\/floristeriatatiramoscartagena.com.co\/barranquilla\/#website","url":"https:\/\/floristeriatatiramoscartagena.com.co\/barranquilla\/","name":"Florister\u00eda Tati Ramos Cartagena de Indias","description":"Flores en Cartagena, Tenemos para ti Arreglos Florales, Coronas Funebres, Ramos de Rosas, Whatsapp 3015212467 Domicilios hoy mismo, pagos en l\u00ednea, Florister\u00edas en Cartagena, Flowers Delivery Cartagena","publisher":{"@id":"https:\/\/floristeriatatiramoscartagena.com.co\/barranquilla\/#organization"},"potentialAction":[{"@type":"SearchAction","target":{"@type":"EntryPoint","urlTemplate":"https:\/\/floristeriatatiramoscartagena.com.co\/barranquilla\/?s={search_term_string}"},"query-input":{"@type":"PropertyValueSpecification","valueRequired":true,"valueName":"search_term_string"}}],"inLanguage":"es"},{"@type":"Organization","@id":"https:\/\/floristeriatatiramoscartagena.com.co\/barranquilla\/#organization","name":"Florister\u00eda Tati Ramos Cartagena de Indias","url":"https:\/\/floristeriatatiramoscartagena.com.co\/barranquilla\/","logo":{"@type":"ImageObject","inLanguage":"es","@id":"https:\/\/floristeriatatiramoscartagena.com.co\/barranquilla\/#\/schema\/logo\/image\/","url":"https:\/\/floristeriatatiramoscartagena.com.co\/barranquilla\/wp-content\/uploads\/2022\/02\/logo-floristeriatatiramos.png","contentUrl":"https:\/\/floristeriatatiramoscartagena.com.co\/barranquilla\/wp-content\/uploads\/2022\/02\/logo-floristeriatatiramos.png","width":602,"height":415,"caption":"Florister\u00eda Tati Ramos Cartagena de Indias"},"image":{"@id":"https:\/\/floristeriatatiramoscartagena.com.co\/barranquilla\/#\/schema\/logo\/image\/"}}]}},"_links":{"self":[{"href":"https:\/\/floristeriatatiramoscartagena.com.co\/barranquilla\/wp-json\/wp\/v2\/pages\/97","targetHints":{"allow":["GET"]}}],"collection":[{"href":"https:\/\/floristeriatatiramoscartagena.com.co\/barranquilla\/wp-json\/wp\/v2\/pages"}],"about":[{"href":"https:\/\/floristeriatatiramoscartagena.com.co\/barranquilla\/wp-json\/wp\/v2\/types\/page"}],"author":[{"embeddable":true,"href":"https:\/\/floristeriatatiramoscartagena.com.co\/barranquilla\/wp-json\/wp\/v2\/users\/1"}],"replies":[{"embeddable":true,"href":"https:\/\/floristeriatatiramoscartagena.com.co\/barranquilla\/wp-json\/wp\/v2\/comments?post=97"}],"version-history":[{"count":2,"href":"https:\/\/floristeriatatiramoscartagena.com.co\/barranquilla\/wp-json\/wp\/v2\/pages\/97\/revisions"}],"predecessor-version":[{"id":3850,"href":"https:\/\/floristeriatatiramoscartagena.com.co\/barranquilla\/wp-json\/wp\/v2\/pages\/97\/revisions\/3850"}],"wp:attachment":[{"href":"https:\/\/floristeriatatiramoscartagena.com.co\/barranquilla\/wp-json\/wp\/v2\/media?parent=97"}],"curies":[{"name":"wp","href":"https:\/\/api.w.org\/{rel}","templated":true}]}}