{"id":2732,"date":"2022-02-12T08:52:36","date_gmt":"2022-02-12T08:52:36","guid":{"rendered":"https:\/\/floristeriatatiramoscartagena.com.co\/barranquilla\/?post_type=product&#038;p=2732"},"modified":"2026-01-02T18:39:47","modified_gmt":"2026-01-02T18:39:47","slug":"bouquet-de-girasoles-1004","status":"publish","type":"product","link":"https:\/\/floristeriatatiramoscartagena.com.co\/barranquilla\/producto\/bouquet-de-girasoles-1004\/","title":{"rendered":"Arreglo Floral #1004"},"content":{"rendered":"<p style=\"text-align: center;\">Bouquet de Girasoles #004Tenemos para ti Arreglos Florales, Coronas Funebres, Ramos de Rosas, Domicilios, pagos en l\u00ednea, contacto 3015212467 Cartagena, Florister\u00edas en Cartagena. El regalo perfecto para tu ser querido en cumplea\u00f1os o aniversario<\/p>\n","protected":false},"excerpt":{"rendered":"<p>Bouquet de Girasoles #1004<\/p>\n","protected":false},"featured_media":2733,"template":"","meta":{"site-sidebar-layout":"default","site-content-layout":"default","ast-site-content-layout":"default","site-content-style":"default","site-sidebar-style":"default","ast-global-header-display":"","ast-banner-title-visibility":"","ast-main-header-display":"","ast-hfb-above-header-display":"","ast-hfb-below-header-display":"","ast-hfb-mobile-header-display":"","site-post-title":"","ast-breadcrumbs-content":"","ast-featured-img":"","footer-sml-layout":"","ast-disable-related-posts":"","theme-transparent-header-meta":"default","adv-header-id-meta":"","stick-header-meta":"","header-above-stick-meta":"","header-main-stick-meta":"","header-below-stick-meta":"","astra-migrate-meta-layouts":"set","ast-page-background-enabled":"default","ast-page-background-meta":{"desktop":{"background-color":"","background-image":"","background-repeat":"repeat","background-position":"center center","background-size":"auto","background-attachment":"scroll","background-type":"","background-media":"","overlay-type":"","overlay-color":"","overlay-opacity":"","overlay-gradient":""},"tablet":{"background-color":"","background-image":"","background-repeat":"repeat","background-position":"center center","background-size":"auto","background-attachment":"scroll","background-type":"","background-media":"","overlay-type":"","overlay-color":"","overlay-opacity":"","overlay-gradient":""},"mobile":{"background-color":"","background-image":"","background-repeat":"repeat","background-position":"center center","background-size":"auto","background-attachment":"scroll","background-type":"","background-media":"","overlay-type":"","overlay-color":"","overlay-opacity":"","overlay-gradient":""}},"ast-content-background-meta":{"desktop":{"background-color":"var(--ast-global-color-5)","background-image":"","background-repeat":"repeat","background-position":"center center","background-size":"auto","background-attachment":"scroll","background-type":"","background-media":"","overlay-type":"","overlay-color":"","overlay-opacity":"","overlay-gradient":""},"tablet":{"background-color":"var(--ast-global-color-5)","background-image":"","background-repeat":"repeat","background-position":"center center","background-size":"auto","background-attachment":"scroll","background-type":"","background-media":"","overlay-type":"","overlay-color":"","overlay-opacity":"","overlay-gradient":""},"mobile":{"background-color":"var(--ast-global-color-5)","background-image":"","background-repeat":"repeat","background-position":"center center","background-size":"auto","background-attachment":"scroll","background-type":"","background-media":"","overlay-type":"","overlay-color":"","overlay-opacity":"","overlay-gradient":""}}},"product_brand":[],"product_cat":[24],"product_tag":[56,40,29,57,28,90,58,62,52],"class_list":{"0":"post-2732","1":"product","2":"type-product","3":"status-publish","4":"has-post-thumbnail","6":"product_cat-arreglos-florales","7":"product_tag-arreglos-florales-en-cartagena","8":"product_tag-coronas-funebres-cartagena","9":"product_tag-flores-cartagena","10":"product_tag-flores-cartagena-floristerias-cerca-de-la-castellana","11":"product_tag-floristerias-en-cartagena","12":"product_tag-flowers-delivery-cartagena","13":"product_tag-mejores-floristerias-en-cartagena","14":"product_tag-ramos-de-condolecia","15":"product_tag-ramos-funebres-cartagena","16":"desktop-align-left","17":"tablet-align-left","18":"mobile-align-left","20":"first","21":"instock","22":"sale","23":"shipping-taxable","24":"purchasable","25":"product-type-simple"},"yoast_head":"<!-- This site is optimized with the Yoast SEO plugin v27.4 - https:\/\/yoast.com\/product\/yoast-seo-wordpress\/ -->\n<title>Arreglo Floral #1004 - Florister\u00eda Tati Ramos Cartagena de Indias<\/title>\n<meta name=\"description\" content=\"Tenemos para ti Arreglos Florales, Coronas Funebres, Ramos de Rosas, Whatsapp 3015212467 Domicilios hoy mismo, pagos en l\u00ednea, Florister\u00edas en Cartagena.\" \/>\n<meta name=\"robots\" content=\"index, follow, max-snippet:-1, max-image-preview:large, max-video-preview:-1\" \/>\n<link rel=\"canonical\" href=\"https:\/\/floristeriatatiramoscartagena.com.co\/barranquilla\/producto\/bouquet-de-girasoles-1004\/\" \/>\n<meta property=\"og:locale\" content=\"es_ES\" \/>\n<meta property=\"og:type\" content=\"article\" \/>\n<meta property=\"og:title\" content=\"Arreglo Floral #1004 - Florister\u00eda Tati Ramos Cartagena de Indias\" \/>\n<meta property=\"og:description\" content=\"Tenemos para ti Arreglos Florales, Coronas Funebres, Ramos de Rosas, Whatsapp 3015212467 Domicilios hoy mismo, pagos en l\u00ednea, Florister\u00edas en Cartagena.\" \/>\n<meta property=\"og:url\" content=\"https:\/\/floristeriatatiramoscartagena.com.co\/barranquilla\/producto\/bouquet-de-girasoles-1004\/\" \/>\n<meta property=\"og:site_name\" content=\"Florister\u00eda Tati Ramos Cartagena de Indias\" \/>\n<meta property=\"article:modified_time\" content=\"2026-01-02T18:39:47+00:00\" \/>\n<meta property=\"og:image\" content=\"https:\/\/floristeriatatiramoscartagena.com.co\/barranquilla\/wp-content\/uploads\/2022\/02\/bouquet-de-girasoles-y-ferrero-768x1024-1-e1644655926228.jpeg\" \/>\n\t<meta property=\"og:image:width\" content=\"768\" \/>\n\t<meta property=\"og:image:height\" content=\"870\" \/>\n\t<meta property=\"og:image:type\" content=\"image\/jpeg\" \/>\n<meta name=\"twitter:card\" content=\"summary_large_image\" \/>\n<meta name=\"twitter:label1\" content=\"Tiempo de lectura\" \/>\n\t<meta name=\"twitter:data1\" content=\"1 minuto\" \/>\n<script type=\"application\/ld+json\" class=\"yoast-schema-graph\">{\"@context\":\"https:\\\/\\\/schema.org\",\"@graph\":[{\"@type\":\"WebPage\",\"@id\":\"https:\\\/\\\/floristeriatatiramoscartagena.com.co\\\/barranquilla\\\/producto\\\/bouquet-de-girasoles-1004\\\/\",\"url\":\"https:\\\/\\\/floristeriatatiramoscartagena.com.co\\\/barranquilla\\\/producto\\\/bouquet-de-girasoles-1004\\\/\",\"name\":\"Arreglo Floral #1004 - Florister\u00eda Tati Ramos Cartagena de Indias\",\"isPartOf\":{\"@id\":\"https:\\\/\\\/floristeriatatiramoscartagena.com.co\\\/barranquilla\\\/#website\"},\"primaryImageOfPage\":{\"@id\":\"https:\\\/\\\/floristeriatatiramoscartagena.com.co\\\/barranquilla\\\/producto\\\/bouquet-de-girasoles-1004\\\/#primaryimage\"},\"image\":{\"@id\":\"https:\\\/\\\/floristeriatatiramoscartagena.com.co\\\/barranquilla\\\/producto\\\/bouquet-de-girasoles-1004\\\/#primaryimage\"},\"thumbnailUrl\":\"https:\\\/\\\/floristeriatatiramoscartagena.com.co\\\/barranquilla\\\/wp-content\\\/uploads\\\/2022\\\/02\\\/bouquet-de-girasoles-y-ferrero-768x1024-1-e1644655926228.jpeg\",\"datePublished\":\"2022-02-12T08:52:36+00:00\",\"dateModified\":\"2026-01-02T18:39:47+00:00\",\"description\":\"Tenemos para ti Arreglos Florales, Coronas Funebres, Ramos de Rosas, Whatsapp 3015212467 Domicilios hoy mismo, pagos en l\u00ednea, Florister\u00edas en Cartagena.\",\"breadcrumb\":{\"@id\":\"https:\\\/\\\/floristeriatatiramoscartagena.com.co\\\/barranquilla\\\/producto\\\/bouquet-de-girasoles-1004\\\/#breadcrumb\"},\"inLanguage\":\"es\",\"potentialAction\":[{\"@type\":\"ReadAction\",\"target\":[\"https:\\\/\\\/floristeriatatiramoscartagena.com.co\\\/barranquilla\\\/producto\\\/bouquet-de-girasoles-1004\\\/\"]}]},{\"@type\":\"ImageObject\",\"inLanguage\":\"es\",\"@id\":\"https:\\\/\\\/floristeriatatiramoscartagena.com.co\\\/barranquilla\\\/producto\\\/bouquet-de-girasoles-1004\\\/#primaryimage\",\"url\":\"https:\\\/\\\/floristeriatatiramoscartagena.com.co\\\/barranquilla\\\/wp-content\\\/uploads\\\/2022\\\/02\\\/bouquet-de-girasoles-y-ferrero-768x1024-1-e1644655926228.jpeg\",\"contentUrl\":\"https:\\\/\\\/floristeriatatiramoscartagena.com.co\\\/barranquilla\\\/wp-content\\\/uploads\\\/2022\\\/02\\\/bouquet-de-girasoles-y-ferrero-768x1024-1-e1644655926228.jpeg\",\"width\":768,\"height\":870},{\"@type\":\"BreadcrumbList\",\"@id\":\"https:\\\/\\\/floristeriatatiramoscartagena.com.co\\\/barranquilla\\\/producto\\\/bouquet-de-girasoles-1004\\\/#breadcrumb\",\"itemListElement\":[{\"@type\":\"ListItem\",\"position\":1,\"name\":\"Portada\",\"item\":\"https:\\\/\\\/floristeriatatiramoscartagena.com.co\\\/barranquilla\\\/\"},{\"@type\":\"ListItem\",\"position\":2,\"name\":\"Shop\",\"item\":\"https:\\\/\\\/floristeriatatiramoscartagena.com.co\\\/barranquilla\\\/shop\\\/\"},{\"@type\":\"ListItem\",\"position\":3,\"name\":\"Arreglo Floral #1004\"}]},{\"@type\":\"WebSite\",\"@id\":\"https:\\\/\\\/floristeriatatiramoscartagena.com.co\\\/barranquilla\\\/#website\",\"url\":\"https:\\\/\\\/floristeriatatiramoscartagena.com.co\\\/barranquilla\\\/\",\"name\":\"Florister\u00eda Tati Ramos Cartagena de Indias\",\"description\":\"Flores en Cartagena, Tenemos para ti Arreglos Florales, Coronas Funebres, Ramos de Rosas, Whatsapp 3015212467 Domicilios hoy mismo, pagos en l\u00ednea, Florister\u00edas en Cartagena, Flowers Delivery Cartagena\",\"publisher\":{\"@id\":\"https:\\\/\\\/floristeriatatiramoscartagena.com.co\\\/barranquilla\\\/#organization\"},\"potentialAction\":[{\"@type\":\"SearchAction\",\"target\":{\"@type\":\"EntryPoint\",\"urlTemplate\":\"https:\\\/\\\/floristeriatatiramoscartagena.com.co\\\/barranquilla\\\/?s={search_term_string}\"},\"query-input\":{\"@type\":\"PropertyValueSpecification\",\"valueRequired\":true,\"valueName\":\"search_term_string\"}}],\"inLanguage\":\"es\"},{\"@type\":\"Organization\",\"@id\":\"https:\\\/\\\/floristeriatatiramoscartagena.com.co\\\/barranquilla\\\/#organization\",\"name\":\"Florister\u00eda Tati Ramos Cartagena de Indias\",\"url\":\"https:\\\/\\\/floristeriatatiramoscartagena.com.co\\\/barranquilla\\\/\",\"logo\":{\"@type\":\"ImageObject\",\"inLanguage\":\"es\",\"@id\":\"https:\\\/\\\/floristeriatatiramoscartagena.com.co\\\/barranquilla\\\/#\\\/schema\\\/logo\\\/image\\\/\",\"url\":\"https:\\\/\\\/floristeriatatiramoscartagena.com.co\\\/barranquilla\\\/wp-content\\\/uploads\\\/2022\\\/02\\\/logo-floristeriatatiramos.png\",\"contentUrl\":\"https:\\\/\\\/floristeriatatiramoscartagena.com.co\\\/barranquilla\\\/wp-content\\\/uploads\\\/2022\\\/02\\\/logo-floristeriatatiramos.png\",\"width\":602,\"height\":415,\"caption\":\"Florister\u00eda Tati Ramos Cartagena de Indias\"},\"image\":{\"@id\":\"https:\\\/\\\/floristeriatatiramoscartagena.com.co\\\/barranquilla\\\/#\\\/schema\\\/logo\\\/image\\\/\"}}]}<\/script>\n<!-- \/ Yoast SEO plugin. -->","yoast_head_json":{"title":"Arreglo Floral #1004 - Florister\u00eda Tati Ramos Cartagena de Indias","description":"Tenemos para ti Arreglos Florales, Coronas Funebres, Ramos de Rosas, Whatsapp 3015212467 Domicilios hoy mismo, pagos en l\u00ednea, Florister\u00edas en Cartagena.","robots":{"index":"index","follow":"follow","max-snippet":"max-snippet:-1","max-image-preview":"max-image-preview:large","max-video-preview":"max-video-preview:-1"},"canonical":"https:\/\/floristeriatatiramoscartagena.com.co\/barranquilla\/producto\/bouquet-de-girasoles-1004\/","og_locale":"es_ES","og_type":"article","og_title":"Arreglo Floral #1004 - Florister\u00eda Tati Ramos Cartagena de Indias","og_description":"Tenemos para ti Arreglos Florales, Coronas Funebres, Ramos de Rosas, Whatsapp 3015212467 Domicilios hoy mismo, pagos en l\u00ednea, Florister\u00edas en Cartagena.","og_url":"https:\/\/floristeriatatiramoscartagena.com.co\/barranquilla\/producto\/bouquet-de-girasoles-1004\/","og_site_name":"Florister\u00eda Tati Ramos Cartagena de Indias","article_modified_time":"2026-01-02T18:39:47+00:00","og_image":[{"width":768,"height":870,"url":"https:\/\/floristeriatatiramoscartagena.com.co\/barranquilla\/wp-content\/uploads\/2022\/02\/bouquet-de-girasoles-y-ferrero-768x1024-1-e1644655926228.jpeg","type":"image\/jpeg"}],"twitter_card":"summary_large_image","twitter_misc":{"Tiempo de lectura":"1 minuto"},"schema":{"@context":"https:\/\/schema.org","@graph":[{"@type":"WebPage","@id":"https:\/\/floristeriatatiramoscartagena.com.co\/barranquilla\/producto\/bouquet-de-girasoles-1004\/","url":"https:\/\/floristeriatatiramoscartagena.com.co\/barranquilla\/producto\/bouquet-de-girasoles-1004\/","name":"Arreglo Floral #1004 - Florister\u00eda Tati Ramos Cartagena de Indias","isPartOf":{"@id":"https:\/\/floristeriatatiramoscartagena.com.co\/barranquilla\/#website"},"primaryImageOfPage":{"@id":"https:\/\/floristeriatatiramoscartagena.com.co\/barranquilla\/producto\/bouquet-de-girasoles-1004\/#primaryimage"},"image":{"@id":"https:\/\/floristeriatatiramoscartagena.com.co\/barranquilla\/producto\/bouquet-de-girasoles-1004\/#primaryimage"},"thumbnailUrl":"https:\/\/floristeriatatiramoscartagena.com.co\/barranquilla\/wp-content\/uploads\/2022\/02\/bouquet-de-girasoles-y-ferrero-768x1024-1-e1644655926228.jpeg","datePublished":"2022-02-12T08:52:36+00:00","dateModified":"2026-01-02T18:39:47+00:00","description":"Tenemos para ti Arreglos Florales, Coronas Funebres, Ramos de Rosas, Whatsapp 3015212467 Domicilios hoy mismo, pagos en l\u00ednea, Florister\u00edas en Cartagena.","breadcrumb":{"@id":"https:\/\/floristeriatatiramoscartagena.com.co\/barranquilla\/producto\/bouquet-de-girasoles-1004\/#breadcrumb"},"inLanguage":"es","potentialAction":[{"@type":"ReadAction","target":["https:\/\/floristeriatatiramoscartagena.com.co\/barranquilla\/producto\/bouquet-de-girasoles-1004\/"]}]},{"@type":"ImageObject","inLanguage":"es","@id":"https:\/\/floristeriatatiramoscartagena.com.co\/barranquilla\/producto\/bouquet-de-girasoles-1004\/#primaryimage","url":"https:\/\/floristeriatatiramoscartagena.com.co\/barranquilla\/wp-content\/uploads\/2022\/02\/bouquet-de-girasoles-y-ferrero-768x1024-1-e1644655926228.jpeg","contentUrl":"https:\/\/floristeriatatiramoscartagena.com.co\/barranquilla\/wp-content\/uploads\/2022\/02\/bouquet-de-girasoles-y-ferrero-768x1024-1-e1644655926228.jpeg","width":768,"height":870},{"@type":"BreadcrumbList","@id":"https:\/\/floristeriatatiramoscartagena.com.co\/barranquilla\/producto\/bouquet-de-girasoles-1004\/#breadcrumb","itemListElement":[{"@type":"ListItem","position":1,"name":"Portada","item":"https:\/\/floristeriatatiramoscartagena.com.co\/barranquilla\/"},{"@type":"ListItem","position":2,"name":"Shop","item":"https:\/\/floristeriatatiramoscartagena.com.co\/barranquilla\/shop\/"},{"@type":"ListItem","position":3,"name":"Arreglo Floral #1004"}]},{"@type":"WebSite","@id":"https:\/\/floristeriatatiramoscartagena.com.co\/barranquilla\/#website","url":"https:\/\/floristeriatatiramoscartagena.com.co\/barranquilla\/","name":"Florister\u00eda Tati Ramos Cartagena de Indias","description":"Flores en Cartagena, Tenemos para ti Arreglos Florales, Coronas Funebres, Ramos de Rosas, Whatsapp 3015212467 Domicilios hoy mismo, pagos en l\u00ednea, Florister\u00edas en Cartagena, Flowers Delivery Cartagena","publisher":{"@id":"https:\/\/floristeriatatiramoscartagena.com.co\/barranquilla\/#organization"},"potentialAction":[{"@type":"SearchAction","target":{"@type":"EntryPoint","urlTemplate":"https:\/\/floristeriatatiramoscartagena.com.co\/barranquilla\/?s={search_term_string}"},"query-input":{"@type":"PropertyValueSpecification","valueRequired":true,"valueName":"search_term_string"}}],"inLanguage":"es"},{"@type":"Organization","@id":"https:\/\/floristeriatatiramoscartagena.com.co\/barranquilla\/#organization","name":"Florister\u00eda Tati Ramos Cartagena de Indias","url":"https:\/\/floristeriatatiramoscartagena.com.co\/barranquilla\/","logo":{"@type":"ImageObject","inLanguage":"es","@id":"https:\/\/floristeriatatiramoscartagena.com.co\/barranquilla\/#\/schema\/logo\/image\/","url":"https:\/\/floristeriatatiramoscartagena.com.co\/barranquilla\/wp-content\/uploads\/2022\/02\/logo-floristeriatatiramos.png","contentUrl":"https:\/\/floristeriatatiramoscartagena.com.co\/barranquilla\/wp-content\/uploads\/2022\/02\/logo-floristeriatatiramos.png","width":602,"height":415,"caption":"Florister\u00eda Tati Ramos Cartagena de Indias"},"image":{"@id":"https:\/\/floristeriatatiramoscartagena.com.co\/barranquilla\/#\/schema\/logo\/image\/"}}]}},"_links":{"self":[{"href":"https:\/\/floristeriatatiramoscartagena.com.co\/barranquilla\/wp-json\/wp\/v2\/product\/2732","targetHints":{"allow":["GET"]}}],"collection":[{"href":"https:\/\/floristeriatatiramoscartagena.com.co\/barranquilla\/wp-json\/wp\/v2\/product"}],"about":[{"href":"https:\/\/floristeriatatiramoscartagena.com.co\/barranquilla\/wp-json\/wp\/v2\/types\/product"}],"wp:featuredmedia":[{"embeddable":true,"href":"https:\/\/floristeriatatiramoscartagena.com.co\/barranquilla\/wp-json\/wp\/v2\/media\/2733"}],"wp:attachment":[{"href":"https:\/\/floristeriatatiramoscartagena.com.co\/barranquilla\/wp-json\/wp\/v2\/media?parent=2732"}],"wp:term":[{"taxonomy":"product_brand","embeddable":true,"href":"https:\/\/floristeriatatiramoscartagena.com.co\/barranquilla\/wp-json\/wp\/v2\/product_brand?post=2732"},{"taxonomy":"product_cat","embeddable":true,"href":"https:\/\/floristeriatatiramoscartagena.com.co\/barranquilla\/wp-json\/wp\/v2\/product_cat?post=2732"},{"taxonomy":"product_tag","embeddable":true,"href":"https:\/\/floristeriatatiramoscartagena.com.co\/barranquilla\/wp-json\/wp\/v2\/product_tag?post=2732"}],"curies":[{"name":"wp","href":"https:\/\/api.w.org\/{rel}","templated":true}]}}