{"id":3385,"date":"2022-12-02T23:19:47","date_gmt":"2022-12-02T23:19:47","guid":{"rendered":"https:\/\/floristeriatatiramoscartagena.com.co\/barranquilla\/?post_type=product&#038;p=3385"},"modified":"2026-04-08T00:31:11","modified_gmt":"2026-04-08T00:31:11","slug":"arreglo-01120","status":"publish","type":"product","link":"https:\/\/floristeriatatiramoscartagena.com.co\/barranquilla\/producto\/arreglo-01120\/","title":{"rendered":"Arreglo F #01120"},"content":{"rendered":"<p>arreglo #01120<br \/>\nArreglos Florales, Coronas F\u00fanebres, Ramos de Rosas, Desayunos sorpresa Whatsapp 3015212467 Domicilios hoy mismo, pagos en l\u00ednea, Florister\u00edas en Cartagena.<\/p>\n","protected":false},"excerpt":{"rendered":"<p>Arreglos Florales, Coronas F\u00fanebres, Ramos de Rosas, Desayunos sorpresa Whatsapp 3015212467 Domicilios hoy mismo, pagos en l\u00ednea, Florister\u00edas en Cartagena.<\/p>\n","protected":false},"featured_media":3384,"template":"","meta":{"site-sidebar-layout":"default","site-content-layout":"default","ast-site-content-layout":"default","site-content-style":"default","site-sidebar-style":"default","ast-global-header-display":"","ast-banner-title-visibility":"","ast-main-header-display":"","ast-hfb-above-header-display":"","ast-hfb-below-header-display":"","ast-hfb-mobile-header-display":"","site-post-title":"","ast-breadcrumbs-content":"","ast-featured-img":"","footer-sml-layout":"","ast-disable-related-posts":"","theme-transparent-header-meta":"default","adv-header-id-meta":"","stick-header-meta":"","header-above-stick-meta":"","header-main-stick-meta":"","header-below-stick-meta":"","astra-migrate-meta-layouts":"set","ast-page-background-enabled":"default","ast-page-background-meta":{"desktop":{"background-color":"","background-image":"","background-repeat":"repeat","background-position":"center center","background-size":"auto","background-attachment":"scroll","background-type":"","background-media":"","overlay-type":"","overlay-color":"","overlay-opacity":"","overlay-gradient":""},"tablet":{"background-color":"","background-image":"","background-repeat":"repeat","background-position":"center center","background-size":"auto","background-attachment":"scroll","background-type":"","background-media":"","overlay-type":"","overlay-color":"","overlay-opacity":"","overlay-gradient":""},"mobile":{"background-color":"","background-image":"","background-repeat":"repeat","background-position":"center center","background-size":"auto","background-attachment":"scroll","background-type":"","background-media":"","overlay-type":"","overlay-color":"","overlay-opacity":"","overlay-gradient":""}},"ast-content-background-meta":{"desktop":{"background-color":"var(--ast-global-color-5)","background-image":"","background-repeat":"repeat","background-position":"center center","background-size":"auto","background-attachment":"scroll","background-type":"","background-media":"","overlay-type":"","overlay-color":"","overlay-opacity":"","overlay-gradient":""},"tablet":{"background-color":"var(--ast-global-color-5)","background-image":"","background-repeat":"repeat","background-position":"center center","background-size":"auto","background-attachment":"scroll","background-type":"","background-media":"","overlay-type":"","overlay-color":"","overlay-opacity":"","overlay-gradient":""},"mobile":{"background-color":"var(--ast-global-color-5)","background-image":"","background-repeat":"repeat","background-position":"center center","background-size":"auto","background-attachment":"scroll","background-type":"","background-media":"","overlay-type":"","overlay-color":"","overlay-opacity":"","overlay-gradient":""}}},"product_brand":[],"product_cat":[24,15],"product_tag":[83,185,141,142,84,29,190,143,144,145,146,147,184,120,125,126,128,129,132,137,140,138,135,139,98,173,171,172,166,97,165,153,169,174,154,157,183,163,170,175,167,152,168,182,151,159,113,115,92,28,191,96,155,93,181,150,95,178,158,156,177,176,161,164,162,160,179,180,89,90,188,187,58,189,148,53,109,149,37,186],"class_list":{"0":"post-3385","1":"product","2":"type-product","3":"status-publish","4":"has-post-thumbnail","6":"product_cat-arreglos-florales","7":"product_cat-sin-categorizar","8":"product_tag-arreglos-florales-cartagena","9":"product_tag-bouquet-de-rosas-en-cartagena","10":"product_tag-casas-de-eventos-en-cartagena","11":"product_tag-detalles-en-cartagena","12":"product_tag-floreria-en-cartagena","13":"product_tag-flores-cartagena","14":"product_tag-flores-en-cartagena-archivos","15":"product_tag-flores-para-aniversario-en-cartagena","16":"product_tag-flores-para-cumpleanos-en-cartagena","17":"product_tag-flores-para-hospital-en-cartagena","18":"product_tag-flores-para-mi-novia-en-cartagena","19":"product_tag-florist-cartagena","20":"product_tag-floristeria-cerca-a-la-funeraria","21":"product_tag-floristeria-en-el-limoncito","22":"product_tag-floristeria-en-las-tres-ave-maria","23":"product_tag-floristeria-en-miramar","24":"product_tag-floristeria-en-riomar","25":"product_tag-floristeria-en-san-marino","26":"product_tag-floristeria-en-santa-monica","27":"product_tag-floristeria-en-villa-del-este","28":"product_tag-floristeria-en-villa-del-puerto","29":"product_tag-floristeria-en-villa-santos","30":"product_tag-floristeria-en-villacampestre","31":"product_tag-floristeria-en-villamar","32":"product_tag-floristeria-jardines-de-cartagena","33":"product_tag-floristerias-cerca-a-buenos-aires","34":"product_tag-floristerias-cerca-a-canapote","35":"product_tag-floristerias-cerca-a-daniel-lemetre","36":"product_tag-floristerias-cerca-a-la-base-naval","37":"product_tag-floristerias-cerca-a-la-castellana","38":"product_tag-floristerias-cerca-a-la-matuna","39":"product_tag-floristerias-cerca-a-la-plazuela","40":"product_tag-floristerias-cerca-a-lo-amador","41":"product_tag-floristerias-cerca-a-los-calamares","42":"product_tag-floristerias-cerca-a-turbaco","43":"product_tag-floristerias-cerca-al-aeropuerto","44":"product_tag-floristerias-cerca-al-barrio-espana","45":"product_tag-floristerias-cerca-al-cabrero","46":"product_tag-floristerias-cerca-al-castillo-de-san-felipe","47":"product_tag-floristerias-cerca-al-country","48":"product_tag-floristerias-cerca-al-hospital-bocagrande","49":"product_tag-floristerias-cerca-al-mall-plaza","50":"product_tag-floristerias-cerca-al-pie-de-la-popa","51":"product_tag-floristerias-cerca-al-prado","52":"product_tag-floristerias-cerca-de-mi","53":"product_tag-floristerias-en-alto-bosque","54":"product_tag-floristerias-en-altos-de-riomar","55":"product_tag-floristerias-en-altos-del-prado","56":"product_tag-floristerias-en-bocagrande","57":"product_tag-floristerias-en-cartagena","58":"product_tag-floristerias-en-cartagena-archivos","59":"product_tag-floristerias-en-castillo-grande","60":"product_tag-floristerias-en-cielo-mar","61":"product_tag-floristerias-en-crespo","62":"product_tag-floristerias-en-el-barrio-chile","63":"product_tag-floristerias-en-el-centro","64":"product_tag-floristerias-en-el-laguito","65":"product_tag-floristerias-en-el-rubi","66":"product_tag-floristerias-en-getsemani","67":"product_tag-floristerias-en-la-boquilla","68":"product_tag-floristerias-en-la-castellana","69":"product_tag-floristerias-en-los-ejecutivos","70":"product_tag-floristerias-en-manga","71":"product_tag-floristerias-en-marbella","72":"product_tag-floristerias-en-san-diego","73":"product_tag-floristerias-en-torices","74":"product_tag-floristerias-en-villa-sandra","75":"product_tag-floristerias-en-zaragocilla","76":"product_tag-flowers-cartagena","77":"product_tag-flowers-delivery-cartagena","78":"product_tag-girasoles-en-cartagena","79":"product_tag-lirios-en-cartagena","80":"product_tag-mejores-floristerias-en-cartagena","81":"product_tag-orquideas-en-cartagena","82":"product_tag-ramos-de-rosas-en-cartagena","83":"product_tag-regalos-en-cartagena","84":"product_tag-send-flowers-delivery","85":"product_tag-send-flowers-delivery-cartagena","86":"product_tag-tienda-de-detalles-cartagena","87":"product_tag-tulipanes-en-cartagena","88":"desktop-align-left","89":"tablet-align-left","90":"mobile-align-left","92":"first","93":"instock","94":"sale","95":"shipping-taxable","96":"purchasable","97":"product-type-simple"},"yoast_head":"<!-- This site is optimized with the Yoast SEO plugin v27.4 - https:\/\/yoast.com\/product\/yoast-seo-wordpress\/ -->\n<title>Arreglo F #01120 - Florister\u00eda Tati Ramos Cartagena de Indias<\/title>\n<meta name=\"description\" content=\"Arreglos Florales, Coronas F\u00fanebres, Ramos de Rosas, Desayunos sorpresa Whatsapp 3015212467 Domicilios hoy mismo, pagos en l\u00ednea, Florister\u00edas en Cartagena.\" \/>\n<meta name=\"robots\" content=\"index, follow, max-snippet:-1, max-image-preview:large, max-video-preview:-1\" \/>\n<link rel=\"canonical\" href=\"https:\/\/floristeriatatiramoscartagena.com.co\/barranquilla\/producto\/arreglo-01120\/\" \/>\n<meta property=\"og:locale\" content=\"es_ES\" \/>\n<meta property=\"og:type\" content=\"article\" \/>\n<meta property=\"og:title\" content=\"Arreglo F #01120 - Florister\u00eda Tati Ramos Cartagena de Indias\" \/>\n<meta property=\"og:description\" content=\"Arreglos Florales, Coronas F\u00fanebres, Ramos de Rosas, Desayunos sorpresa Whatsapp 3015212467 Domicilios hoy mismo, pagos en l\u00ednea, Florister\u00edas en Cartagena.\" \/>\n<meta property=\"og:url\" content=\"https:\/\/floristeriatatiramoscartagena.com.co\/barranquilla\/producto\/arreglo-01120\/\" \/>\n<meta property=\"og:site_name\" content=\"Florister\u00eda Tati Ramos Cartagena de Indias\" \/>\n<meta property=\"article:modified_time\" content=\"2026-04-08T00:31:11+00:00\" \/>\n<meta property=\"og:image\" content=\"https:\/\/floristeriatatiramoscartagena.com.co\/barranquilla\/wp-content\/uploads\/2022\/12\/arreglo-floral-en-rosas-colores-y-frutas-Floristerias-en-Cartagena.jpeg\" \/>\n\t<meta property=\"og:image:width\" content=\"1600\" \/>\n\t<meta property=\"og:image:height\" content=\"1600\" \/>\n\t<meta property=\"og:image:type\" content=\"image\/jpeg\" \/>\n<meta name=\"twitter:card\" content=\"summary_large_image\" \/>\n<meta name=\"twitter:label1\" content=\"Tiempo de lectura\" \/>\n\t<meta name=\"twitter:data1\" content=\"1 minuto\" \/>\n<script type=\"application\/ld+json\" class=\"yoast-schema-graph\">{\"@context\":\"https:\\\/\\\/schema.org\",\"@graph\":[{\"@type\":\"WebPage\",\"@id\":\"https:\\\/\\\/floristeriatatiramoscartagena.com.co\\\/barranquilla\\\/producto\\\/arreglo-01120\\\/\",\"url\":\"https:\\\/\\\/floristeriatatiramoscartagena.com.co\\\/barranquilla\\\/producto\\\/arreglo-01120\\\/\",\"name\":\"Arreglo F #01120 - Florister\u00eda Tati Ramos Cartagena de Indias\",\"isPartOf\":{\"@id\":\"https:\\\/\\\/floristeriatatiramoscartagena.com.co\\\/barranquilla\\\/#website\"},\"primaryImageOfPage\":{\"@id\":\"https:\\\/\\\/floristeriatatiramoscartagena.com.co\\\/barranquilla\\\/producto\\\/arreglo-01120\\\/#primaryimage\"},\"image\":{\"@id\":\"https:\\\/\\\/floristeriatatiramoscartagena.com.co\\\/barranquilla\\\/producto\\\/arreglo-01120\\\/#primaryimage\"},\"thumbnailUrl\":\"https:\\\/\\\/floristeriatatiramoscartagena.com.co\\\/barranquilla\\\/wp-content\\\/uploads\\\/2022\\\/12\\\/arreglo-floral-en-rosas-colores-y-frutas-Floristerias-en-Cartagena.jpeg\",\"datePublished\":\"2022-12-02T23:19:47+00:00\",\"dateModified\":\"2026-04-08T00:31:11+00:00\",\"description\":\"Arreglos Florales, Coronas F\u00fanebres, Ramos de Rosas, Desayunos sorpresa Whatsapp 3015212467 Domicilios hoy mismo, pagos en l\u00ednea, Florister\u00edas en Cartagena.\",\"breadcrumb\":{\"@id\":\"https:\\\/\\\/floristeriatatiramoscartagena.com.co\\\/barranquilla\\\/producto\\\/arreglo-01120\\\/#breadcrumb\"},\"inLanguage\":\"es\",\"potentialAction\":[{\"@type\":\"ReadAction\",\"target\":[\"https:\\\/\\\/floristeriatatiramoscartagena.com.co\\\/barranquilla\\\/producto\\\/arreglo-01120\\\/\"]}]},{\"@type\":\"ImageObject\",\"inLanguage\":\"es\",\"@id\":\"https:\\\/\\\/floristeriatatiramoscartagena.com.co\\\/barranquilla\\\/producto\\\/arreglo-01120\\\/#primaryimage\",\"url\":\"https:\\\/\\\/floristeriatatiramoscartagena.com.co\\\/barranquilla\\\/wp-content\\\/uploads\\\/2022\\\/12\\\/arreglo-floral-en-rosas-colores-y-frutas-Floristerias-en-Cartagena.jpeg\",\"contentUrl\":\"https:\\\/\\\/floristeriatatiramoscartagena.com.co\\\/barranquilla\\\/wp-content\\\/uploads\\\/2022\\\/12\\\/arreglo-floral-en-rosas-colores-y-frutas-Floristerias-en-Cartagena.jpeg\",\"width\":1600,\"height\":1600,\"caption\":\"Tenemos para ti Arreglos Florales, Coronas Funebres, Ramos de Rosas, Whatsapp 3015212467 Domicilios hoy mismo, pagos en l\u00ednea, Florister\u00edas en Cartagena.\"},{\"@type\":\"BreadcrumbList\",\"@id\":\"https:\\\/\\\/floristeriatatiramoscartagena.com.co\\\/barranquilla\\\/producto\\\/arreglo-01120\\\/#breadcrumb\",\"itemListElement\":[{\"@type\":\"ListItem\",\"position\":1,\"name\":\"Portada\",\"item\":\"https:\\\/\\\/floristeriatatiramoscartagena.com.co\\\/barranquilla\\\/\"},{\"@type\":\"ListItem\",\"position\":2,\"name\":\"Shop\",\"item\":\"https:\\\/\\\/floristeriatatiramoscartagena.com.co\\\/barranquilla\\\/shop\\\/\"},{\"@type\":\"ListItem\",\"position\":3,\"name\":\"Arreglo F #01120\"}]},{\"@type\":\"WebSite\",\"@id\":\"https:\\\/\\\/floristeriatatiramoscartagena.com.co\\\/barranquilla\\\/#website\",\"url\":\"https:\\\/\\\/floristeriatatiramoscartagena.com.co\\\/barranquilla\\\/\",\"name\":\"Florister\u00eda Tati Ramos Cartagena de Indias\",\"description\":\"Flores en Cartagena, Tenemos para ti Arreglos Florales, Coronas Funebres, Ramos de Rosas, Whatsapp 3015212467 Domicilios hoy mismo, pagos en l\u00ednea, Florister\u00edas en Cartagena, Flowers Delivery Cartagena\",\"publisher\":{\"@id\":\"https:\\\/\\\/floristeriatatiramoscartagena.com.co\\\/barranquilla\\\/#organization\"},\"potentialAction\":[{\"@type\":\"SearchAction\",\"target\":{\"@type\":\"EntryPoint\",\"urlTemplate\":\"https:\\\/\\\/floristeriatatiramoscartagena.com.co\\\/barranquilla\\\/?s={search_term_string}\"},\"query-input\":{\"@type\":\"PropertyValueSpecification\",\"valueRequired\":true,\"valueName\":\"search_term_string\"}}],\"inLanguage\":\"es\"},{\"@type\":\"Organization\",\"@id\":\"https:\\\/\\\/floristeriatatiramoscartagena.com.co\\\/barranquilla\\\/#organization\",\"name\":\"Florister\u00eda Tati Ramos Cartagena de Indias\",\"url\":\"https:\\\/\\\/floristeriatatiramoscartagena.com.co\\\/barranquilla\\\/\",\"logo\":{\"@type\":\"ImageObject\",\"inLanguage\":\"es\",\"@id\":\"https:\\\/\\\/floristeriatatiramoscartagena.com.co\\\/barranquilla\\\/#\\\/schema\\\/logo\\\/image\\\/\",\"url\":\"https:\\\/\\\/floristeriatatiramoscartagena.com.co\\\/barranquilla\\\/wp-content\\\/uploads\\\/2022\\\/02\\\/logo-floristeriatatiramos.png\",\"contentUrl\":\"https:\\\/\\\/floristeriatatiramoscartagena.com.co\\\/barranquilla\\\/wp-content\\\/uploads\\\/2022\\\/02\\\/logo-floristeriatatiramos.png\",\"width\":602,\"height\":415,\"caption\":\"Florister\u00eda Tati Ramos Cartagena de Indias\"},\"image\":{\"@id\":\"https:\\\/\\\/floristeriatatiramoscartagena.com.co\\\/barranquilla\\\/#\\\/schema\\\/logo\\\/image\\\/\"}}]}<\/script>\n<!-- \/ Yoast SEO plugin. -->","yoast_head_json":{"title":"Arreglo F #01120 - Florister\u00eda Tati Ramos Cartagena de Indias","description":"Arreglos Florales, Coronas F\u00fanebres, Ramos de Rosas, Desayunos sorpresa Whatsapp 3015212467 Domicilios hoy mismo, pagos en l\u00ednea, Florister\u00edas en Cartagena.","robots":{"index":"index","follow":"follow","max-snippet":"max-snippet:-1","max-image-preview":"max-image-preview:large","max-video-preview":"max-video-preview:-1"},"canonical":"https:\/\/floristeriatatiramoscartagena.com.co\/barranquilla\/producto\/arreglo-01120\/","og_locale":"es_ES","og_type":"article","og_title":"Arreglo F #01120 - Florister\u00eda Tati Ramos Cartagena de Indias","og_description":"Arreglos Florales, Coronas F\u00fanebres, Ramos de Rosas, Desayunos sorpresa Whatsapp 3015212467 Domicilios hoy mismo, pagos en l\u00ednea, Florister\u00edas en Cartagena.","og_url":"https:\/\/floristeriatatiramoscartagena.com.co\/barranquilla\/producto\/arreglo-01120\/","og_site_name":"Florister\u00eda Tati Ramos Cartagena de Indias","article_modified_time":"2026-04-08T00:31:11+00:00","og_image":[{"width":1600,"height":1600,"url":"https:\/\/floristeriatatiramoscartagena.com.co\/barranquilla\/wp-content\/uploads\/2022\/12\/arreglo-floral-en-rosas-colores-y-frutas-Floristerias-en-Cartagena.jpeg","type":"image\/jpeg"}],"twitter_card":"summary_large_image","twitter_misc":{"Tiempo de lectura":"1 minuto"},"schema":{"@context":"https:\/\/schema.org","@graph":[{"@type":"WebPage","@id":"https:\/\/floristeriatatiramoscartagena.com.co\/barranquilla\/producto\/arreglo-01120\/","url":"https:\/\/floristeriatatiramoscartagena.com.co\/barranquilla\/producto\/arreglo-01120\/","name":"Arreglo F #01120 - Florister\u00eda Tati Ramos Cartagena de Indias","isPartOf":{"@id":"https:\/\/floristeriatatiramoscartagena.com.co\/barranquilla\/#website"},"primaryImageOfPage":{"@id":"https:\/\/floristeriatatiramoscartagena.com.co\/barranquilla\/producto\/arreglo-01120\/#primaryimage"},"image":{"@id":"https:\/\/floristeriatatiramoscartagena.com.co\/barranquilla\/producto\/arreglo-01120\/#primaryimage"},"thumbnailUrl":"https:\/\/floristeriatatiramoscartagena.com.co\/barranquilla\/wp-content\/uploads\/2022\/12\/arreglo-floral-en-rosas-colores-y-frutas-Floristerias-en-Cartagena.jpeg","datePublished":"2022-12-02T23:19:47+00:00","dateModified":"2026-04-08T00:31:11+00:00","description":"Arreglos Florales, Coronas F\u00fanebres, Ramos de Rosas, Desayunos sorpresa Whatsapp 3015212467 Domicilios hoy mismo, pagos en l\u00ednea, Florister\u00edas en Cartagena.","breadcrumb":{"@id":"https:\/\/floristeriatatiramoscartagena.com.co\/barranquilla\/producto\/arreglo-01120\/#breadcrumb"},"inLanguage":"es","potentialAction":[{"@type":"ReadAction","target":["https:\/\/floristeriatatiramoscartagena.com.co\/barranquilla\/producto\/arreglo-01120\/"]}]},{"@type":"ImageObject","inLanguage":"es","@id":"https:\/\/floristeriatatiramoscartagena.com.co\/barranquilla\/producto\/arreglo-01120\/#primaryimage","url":"https:\/\/floristeriatatiramoscartagena.com.co\/barranquilla\/wp-content\/uploads\/2022\/12\/arreglo-floral-en-rosas-colores-y-frutas-Floristerias-en-Cartagena.jpeg","contentUrl":"https:\/\/floristeriatatiramoscartagena.com.co\/barranquilla\/wp-content\/uploads\/2022\/12\/arreglo-floral-en-rosas-colores-y-frutas-Floristerias-en-Cartagena.jpeg","width":1600,"height":1600,"caption":"Tenemos para ti Arreglos Florales, Coronas Funebres, Ramos de Rosas, Whatsapp 3015212467 Domicilios hoy mismo, pagos en l\u00ednea, Florister\u00edas en Cartagena."},{"@type":"BreadcrumbList","@id":"https:\/\/floristeriatatiramoscartagena.com.co\/barranquilla\/producto\/arreglo-01120\/#breadcrumb","itemListElement":[{"@type":"ListItem","position":1,"name":"Portada","item":"https:\/\/floristeriatatiramoscartagena.com.co\/barranquilla\/"},{"@type":"ListItem","position":2,"name":"Shop","item":"https:\/\/floristeriatatiramoscartagena.com.co\/barranquilla\/shop\/"},{"@type":"ListItem","position":3,"name":"Arreglo F #01120"}]},{"@type":"WebSite","@id":"https:\/\/floristeriatatiramoscartagena.com.co\/barranquilla\/#website","url":"https:\/\/floristeriatatiramoscartagena.com.co\/barranquilla\/","name":"Florister\u00eda Tati Ramos Cartagena de Indias","description":"Flores en Cartagena, Tenemos para ti Arreglos Florales, Coronas Funebres, Ramos de Rosas, Whatsapp 3015212467 Domicilios hoy mismo, pagos en l\u00ednea, Florister\u00edas en Cartagena, Flowers Delivery Cartagena","publisher":{"@id":"https:\/\/floristeriatatiramoscartagena.com.co\/barranquilla\/#organization"},"potentialAction":[{"@type":"SearchAction","target":{"@type":"EntryPoint","urlTemplate":"https:\/\/floristeriatatiramoscartagena.com.co\/barranquilla\/?s={search_term_string}"},"query-input":{"@type":"PropertyValueSpecification","valueRequired":true,"valueName":"search_term_string"}}],"inLanguage":"es"},{"@type":"Organization","@id":"https:\/\/floristeriatatiramoscartagena.com.co\/barranquilla\/#organization","name":"Florister\u00eda Tati Ramos Cartagena de Indias","url":"https:\/\/floristeriatatiramoscartagena.com.co\/barranquilla\/","logo":{"@type":"ImageObject","inLanguage":"es","@id":"https:\/\/floristeriatatiramoscartagena.com.co\/barranquilla\/#\/schema\/logo\/image\/","url":"https:\/\/floristeriatatiramoscartagena.com.co\/barranquilla\/wp-content\/uploads\/2022\/02\/logo-floristeriatatiramos.png","contentUrl":"https:\/\/floristeriatatiramoscartagena.com.co\/barranquilla\/wp-content\/uploads\/2022\/02\/logo-floristeriatatiramos.png","width":602,"height":415,"caption":"Florister\u00eda Tati Ramos Cartagena de Indias"},"image":{"@id":"https:\/\/floristeriatatiramoscartagena.com.co\/barranquilla\/#\/schema\/logo\/image\/"}}]}},"_links":{"self":[{"href":"https:\/\/floristeriatatiramoscartagena.com.co\/barranquilla\/wp-json\/wp\/v2\/product\/3385","targetHints":{"allow":["GET"]}}],"collection":[{"href":"https:\/\/floristeriatatiramoscartagena.com.co\/barranquilla\/wp-json\/wp\/v2\/product"}],"about":[{"href":"https:\/\/floristeriatatiramoscartagena.com.co\/barranquilla\/wp-json\/wp\/v2\/types\/product"}],"wp:featuredmedia":[{"embeddable":true,"href":"https:\/\/floristeriatatiramoscartagena.com.co\/barranquilla\/wp-json\/wp\/v2\/media\/3384"}],"wp:attachment":[{"href":"https:\/\/floristeriatatiramoscartagena.com.co\/barranquilla\/wp-json\/wp\/v2\/media?parent=3385"}],"wp:term":[{"taxonomy":"product_brand","embeddable":true,"href":"https:\/\/floristeriatatiramoscartagena.com.co\/barranquilla\/wp-json\/wp\/v2\/product_brand?post=3385"},{"taxonomy":"product_cat","embeddable":true,"href":"https:\/\/floristeriatatiramoscartagena.com.co\/barranquilla\/wp-json\/wp\/v2\/product_cat?post=3385"},{"taxonomy":"product_tag","embeddable":true,"href":"https:\/\/floristeriatatiramoscartagena.com.co\/barranquilla\/wp-json\/wp\/v2\/product_tag?post=3385"}],"curies":[{"name":"wp","href":"https:\/\/api.w.org\/{rel}","templated":true}]}}